{"id":585,"date":"2018-07-01T01:00:32","date_gmt":"2018-06-30T23:00:32","guid":{"rendered":"https:\/\/www.bnbliberta.com\/dove-siamo\/"},"modified":"2022-08-10T00:39:32","modified_gmt":"2022-08-09T22:39:32","slug":"where-we-are","status":"publish","type":"page","link":"https:\/\/bnbliberta.com\/en\/where-we-are\/","title":{"rendered":"Where we are"},"content":{"rendered":"<h1>Where we are<\/h1>\n<hr>\n<p><a href=\"https:\/\/www.google.com\/maps\/place\/Piazza+della+Libert%C3%A0,+4,+00193+Roma+RM\/@41.909081,12.47069,16z\/data=!4m5!3m4!1s0x132f6058741bde07:0x600e427e8de02d3!8m2!3d41.9090815!4d12.4706901?hl=en-US\">[location]<\/a><\/p>\n<div>\n<p>Piazza della Libert\u00e0, 4<br \/>00193 Roma (RM)<\/p>\n<\/div>\n<p>\n    <a href=\"tel:+393450682734\">+39 345 0682734<\/a>\n<\/p>\n<div>\n<p>41.9088,12.4716<\/p>\n<h3>BnB Libert\u00e0 4<\/h3>\n<div>\n<p>Piazza della Libert\u00e0, 4<br \/>00193 Roma (RM)<\/p>\n<\/div>\n<\/div>\n<div>\n<h3>How to get there<\/h3>\n<p><strong>From Fiumicino airport<\/strong>: Take the Sitbus, it is the only direct bus that does not force you to change! In 50 minutes you will have arrived at your destination. www.sitbushuttle.com<\/p>\n<p><strong>From Ciampino airport<\/strong>: Take the bus to Termini and then Metro A to Lepanto for 5 stops. From Lepanto in 5 minutes on foot you will be at Piazza della Libert\u00e0.<\/p>\n<p><strong>From Termini Central Station<\/strong>: Take Metro A to Lepanto for 5 stops. from Lepanto we are only 500 meters.<\/p>\n<p><strong>From Civitavecchia<\/strong>: Train to Termini or we can send you a private car.<\/p>\n<p><strong>With the car<\/strong>: We are outside the ZTL so you can arrive without special permits (careful not to enter the historic center!) Parked in the blue lines for a fee or in white strips for free. If you want we can reserve a garage (\u20ac 30 \/ night).<\/p>\n<\/div>\n<p><!--more--><br \/>\n<!-- {\"name\":\"\",\"type\":\"layout\",\"children\":[{\"name\":\"\",\"type\":\"section\",\"props\":{\"style\":\"default\",\"width\":\"default\",\"vertical_align\":\"middle\",\"title_position\":\"top-left\",\"title_rotation\":\"left\",\"title_breakpoint\":\"xl\",\"image_position\":\"center-center\",\"animation\":\"fade\",\"animation_delay\":\"200\"},\"children\":[{\"name\":\"\",\"type\":\"row\",\"children\":[{\"name\":\"\",\"type\":\"column\",\"props\":{\"image_position\":\"center-center\",\"width_medium\":\"1-1\",\"position_sticky_breakpoint\":\"m\",\"media_overlay_gradient\":\"\"},\"children\":[{\"name\":\"\",\"type\":\"headline\",\"props\":{\"title_element\":\"h1\",\"content\":\"Where we are\",\"animation\":\"slide-left\",\"text_align\":\"center\",\"title_style\":\"h2\"}},{\"name\":\"\",\"type\":\"divider\",\"props\":{\"divider_element\":\"hr\",\"divider_style\":\"small\",\"divider_align\":\"center\"}},{\"name\":\"\",\"type\":\"icon\",\"props\":{\"icon\":\"location\",\"margin\":\"large\",\"icon_color\":\"muted\",\"text_align\":\"center\",\"animation\":\"scale-up\",\"link_target\":true,\"link\":\"https:\\\/\\\/www.google.com\\\/maps\\\/place\\\/Piazza+della+Libert%C3%A0,+4,+00193+Roma+RM\\\/@41.909081,12.47069,16z\\\/data=!4m5!3m4!1s0x132f6058741bde07:0x600e427e8de02d3!8m2!3d41.9090815!4d12.4706901?hl=en-US\",\"icon_width\":40}},{\"name\":\"\",\"type\":\"text\",\"props\":{\"margin\":\"default\",\"column_breakpoint\":\"m\",\"content\":\"\n\n<p>Piazza della Libert\\u00e0, 4<br \\\/>00193 Roma (RM)<\\\/p>\",\"animation\":\"scale-up\",\"text_align\":\"center\"}},{\"name\":\"\",\"type\":\"button\",\"props\":{\"margin\":\"default\",\"text_align\":\"center\",\"animation\":\"scale-up\",\"button_size\":\"large\",\"grid_column_gap\":\"\",\"grid_row_gap\":\"\"},\"children\":[{\"name\":\"\",\"type\":\"button_item\",\"props\":{\"button_style\":\"secondary\",\"icon_align\":\"left\",\"link\":\"tel:+393450682734\",\"content\":\"+39 345 0682734\",\"link_title\":\"Contattaci\",\"icon\":\"phone\"}}]},{\"name\":\"\",\"type\":\"map\",\"props\":{\"show_title\":true,\"type\":\"roadmap\",\"zoom\":\"15\",\"controls\":true,\"zooming\":false,\"dragging\":false,\"height\":\"500\",\"styler_hue\":\"#cbdac3\",\"animation\":\"slide-bottom\",\"show_meta\":true,\"show_content\":true,\"show_image\":true,\"show_link\":true,\"min_zoom\":0,\"max_zoom\":18,\"title_hover_style\":\"reset\",\"title_element\":\"h3\",\"meta_style\":\"meta\",\"meta_align\":\"below-title\",\"meta_element\":\"div\",\"image_svg_color\":\"emphasis\",\"link_text\":\"Read more\",\"link_style\":\"default\",\"margin\":\"default\"},\"children\":[{\"name\":\"\",\"type\":\"map_item\",\"props\":{\"location\":\"41.9088,12.4716\",\"title\":\"BnB Libert\\u00e0 4\",\"content\":\"\n\n<p>Piazza della Libert\\u00e0, 4<br \\\/>00193 Roma (RM)<\\\/p>\"}}]},{\"name\":\"\",\"type\":\"text\",\"props\":{\"margin\":\"default\",\"column_breakpoint\":\"m\",\"animation\":\"slide-right\",\"content\":\"\n\n<h3>How to get there<\\\/h3>\\n\n\n<p><strong>From Fiumicino airport<\\\/strong>: Take the Sitbus, it is the only direct bus that does not force you to change! In 50 minutes you will have arrived at your destination. www.sitbushuttle.com<\\\/p>\\n\n\n<p><strong>From Ciampino airport<\\\/strong>: Take the bus to Termini and then Metro A to Lepanto for 5 stops. From Lepanto in 5 minutes on foot you will be at Piazza della Libert\\u00e0.<\\\/p>\\n\n\n<p><strong>From Termini Central Station<\\\/strong>: Take Metro A to Lepanto for 5 stops. from Lepanto we are only 500 meters.<\\\/p>\\n\n\n<p><strong>From Civitavecchia<\\\/strong>: Train to Termini or we can send you a private car.<\\\/p>\\n\n\n<p><strong>With the car<\\\/strong>: We are outside the ZTL so you can arrive without special permits (careful not to enter the historic center!) Parked in the blue lines for a fee or in white strips for free. If you want we can reserve a garage (\\u20ac 30 \\\/ night).<\\\/p>\"}}]}]}]}],\"version\":\"2.7.22\"} --><\/p>\n","protected":false},"excerpt":{"rendered":"<p>Where we are [location] Piazza della Libert\u00e0, 400193 Roma (RM) +39 345 0682734 41.9088,12.4716 BnB Libert\u00e0 4 Piazza della Libert\u00e0, 400193 Roma (RM) How to get there From Fiumicino airport: Take the Sitbus, it is the only direct bus that does not force you to change! In 50 minutes you will have arrived at your [&hellip;]<\/p>\n","protected":false},"author":2,"featured_media":0,"parent":0,"menu_order":9,"comment_status":"closed","ping_status":"closed","template":"","meta":{"_acf_changed":false,"footnotes":""},"class_list":["post-585","page","type-page","status-publish","hentry"],"acf":[],"jetpack_sharing_enabled":true,"_links":{"self":[{"href":"https:\/\/bnbliberta.com\/en\/wp-json\/wp\/v2\/pages\/585","targetHints":{"allow":["GET"]}}],"collection":[{"href":"https:\/\/bnbliberta.com\/en\/wp-json\/wp\/v2\/pages"}],"about":[{"href":"https:\/\/bnbliberta.com\/en\/wp-json\/wp\/v2\/types\/page"}],"author":[{"embeddable":true,"href":"https:\/\/bnbliberta.com\/en\/wp-json\/wp\/v2\/users\/2"}],"replies":[{"embeddable":true,"href":"https:\/\/bnbliberta.com\/en\/wp-json\/wp\/v2\/comments?post=585"}],"version-history":[{"count":0,"href":"https:\/\/bnbliberta.com\/en\/wp-json\/wp\/v2\/pages\/585\/revisions"}],"wp:attachment":[{"href":"https:\/\/bnbliberta.com\/en\/wp-json\/wp\/v2\/media?parent=585"}],"curies":[{"name":"wp","href":"https:\/\/api.w.org\/{rel}","templated":true}]}}